{"id":5407,"date":"2018-07-15T11:45:07","date_gmt":"2018-07-15T11:45:07","guid":{"rendered":"https:\/\/mobhy.eu\/contacts\/"},"modified":"2024-03-15T17:24:56","modified_gmt":"2024-03-15T16:24:56","slug":"kontakt","status":"publish","type":"page","link":"https:\/\/mobhy.eu\/de\/kontakt\/","title":{"rendered":"Kontakt"},"content":{"rendered":"\t\t<div data-elementor-type=\"wp-post\" data-elementor-id=\"5407\" class=\"elementor elementor-5407\" data-elementor-settings=\"[]\">\n\t\t\t\t\t\t<div class=\"elementor-inner\">\n\t\t\t\t\t\t\t<div class=\"elementor-section-wrap\">\n\t\t\t\t\t\t\t<section class=\"elementor-section elementor-top-section elementor-element elementor-element-09a3385 elementor-section-boxed elementor-section-height-default elementor-section-height-default\" data-id=\"09a3385\" data-element_type=\"section\">\n\t\t\t\t\t\t<div class=\"elementor-container elementor-column-gap-extended\">\n\t\t\t\t\t\t\t<div class=\"elementor-row\">\n\t\t\t\t\t<div class=\"elementor-column elementor-col-100 elementor-top-column elementor-element elementor-element-2711a88 sc_layouts_column_icons_position_left\" data-id=\"2711a88\" data-element_type=\"column\">\n\t\t\t<div class=\"elementor-column-wrap elementor-element-populated\">\n\t\t\t\t\t\t\t<div class=\"elementor-widget-wrap\">\n\t\t\t\t\t\t<div class=\"elementor-element elementor-element-394b936 sc_height_huge sc_fly_static elementor-widget elementor-widget-spacer\" data-id=\"394b936\" data-element_type=\"widget\" data-widget_type=\"spacer.default\">\n\t\t\t\t<div class=\"elementor-widget-container\">\n\t\t\t\t\t<div class=\"elementor-spacer\">\n\t\t\t<div class=\"elementor-spacer-inner\"><\/div>\n\t\t<\/div>\n\t\t\t\t<\/div>\n\t\t\t\t<\/div>\n\t\t\t\t\t\t<\/div>\n\t\t\t\t\t<\/div>\n\t\t<\/div>\n\t\t\t\t\t\t\t\t<\/div>\n\t\t\t\t\t<\/div>\n\t\t<\/section>\n\t\t\t\t<section class=\"elementor-section elementor-top-section elementor-element elementor-element-b9070f7 elementor-section-boxed elementor-section-height-default elementor-section-height-default elementor-invisible\" data-id=\"b9070f7\" data-element_type=\"section\" data-settings=\"{&quot;animation&quot;:&quot;fadeIn&quot;}\">\n\t\t\t\t\t\t<div class=\"elementor-container elementor-column-gap-extended\">\n\t\t\t\t\t\t\t<div class=\"elementor-row\">\n\t\t\t\t\t<div class=\"elementor-column elementor-col-100 elementor-top-column elementor-element elementor-element-5218c58 sc_layouts_column_icons_position_left\" data-id=\"5218c58\" data-element_type=\"column\">\n\t\t\t<div class=\"elementor-column-wrap elementor-element-populated\">\n\t\t\t\t\t\t\t<div class=\"elementor-widget-wrap\">\n\t\t\t\t\t\t<div class=\"elementor-element elementor-element-aa50b29 sc_fly_static elementor-widget elementor-widget-trx_sc_googlemap\" data-id=\"aa50b29\" data-element_type=\"widget\" data-widget_type=\"trx_sc_googlemap.default\">\n\t\t\t\t<div class=\"elementor-widget-container\">\n\t\t\t<div id=\"trx_sc_googlemap_1253112910_wrap\" class=\"sc_googlemap_wrap\"><div class=\"sc_googlemap_content_wrap\"><div id=\"trx_sc_googlemap_1253112910\"\n\t\t\tclass=\"sc_googlemap sc_googlemap_default trx_addons_inline_557337453\"\n\t\t\t\t\t\tdata-zoom=\"17\"\n\t\t\tdata-center=\"\"\n\t\t\tdata-style=\"greyscale\"\n\t\t\tdata-cluster-icon=\"https:\/\/mobhy.eu\/wp-content\/uploads\/2018\/07\/map-marker.png\"\n\t\t\t><iframe\n\t\t\t\t\t\tsrc=\"https:\/\/maps.google.com\/maps?t=m&output=embed&iwloc=near&z=17&q=3+Place+du+G%C3%A9n%C3%A9ral+de+Gaulle+88000+-+%C3%89pinal\"\n\t\t\t\t\t\tscrolling=\"no\"\n\t\t\t\t\t\tmarginheight=\"0\"\n\t\t\t\t\t\tmarginwidth=\"0\"\n\t\t\t\t\t\tframeborder=\"0\"\n\t\t\t\t\t\taria-label=\"\"><\/iframe><\/div>\t\t\t<div class=\"sc_googlemap_content sc_googlemap_content_default\"><h3>Contact<\/h3><h6>Addresse:<\/h6><p>3 Place du G\u00e9n\u00e9ral de Gaulle<\/p><p>88000 - \u00c9pinal<\/p><h6>T\u00e9l\u00e9phone :<\/h6><p><a style=\"color: #fff;\" href=\"tel:0962600456\">09 62 60 04 56<\/a><\/p><h6>Mail :<\/h6><p><a style=\"color: #fff;\" href=\"mailto:projets@mobhy.eu\">projets@mobhy.eu<\/a><\/p><ul><li><a href=\"https:\/\/www.linkedin.com\/company\/mob-hy\/\" target=\"_blank\" rel=\"noopener\"><i class=\"fa fa-linkedin\" style=\"color: #fff;\">\u00a0<\/i><\/a><\/li><\/ul><\/div>\n\t\t<\/div>\n\t\t<\/div><!-- \/.sc_googlemap_wrap -->\t\t<\/div>\n\t\t\t\t<\/div>\n\t\t\t\t\t\t<\/div>\n\t\t\t\t\t<\/div>\n\t\t<\/div>\n\t\t\t\t\t\t\t\t<\/div>\n\t\t\t\t\t<\/div>\n\t\t<\/section>\n\t\t\t\t<section class=\"elementor-section elementor-top-section elementor-element elementor-element-ad418ac elementor-section-boxed elementor-section-height-default elementor-section-height-default\" data-id=\"ad418ac\" data-element_type=\"section\">\n\t\t\t\t\t\t<div class=\"elementor-container elementor-column-gap-extended\">\n\t\t\t\t\t\t\t<div class=\"elementor-row\">\n\t\t\t\t\t<div class=\"elementor-column elementor-col-100 elementor-top-column elementor-element elementor-element-a039526 sc_layouts_column_icons_position_left\" data-id=\"a039526\" data-element_type=\"column\">\n\t\t\t<div class=\"elementor-column-wrap elementor-element-populated\">\n\t\t\t\t\t\t\t<div class=\"elementor-widget-wrap\">\n\t\t\t\t\t\t<div class=\"elementor-element elementor-element-ad8d0a2 sc_layouts_hide_on_tablet sc_layouts_hide_on_mobile sc_fly_static elementor-widget elementor-widget-spacer\" data-id=\"ad8d0a2\" data-element_type=\"widget\" data-widget_type=\"spacer.default\">\n\t\t\t\t<div class=\"elementor-widget-container\">\n\t\t\t\t\t<div class=\"elementor-spacer\">\n\t\t\t<div class=\"elementor-spacer-inner\"><\/div>\n\t\t<\/div>\n\t\t\t\t<\/div>\n\t\t\t\t<\/div>\n\t\t\t\t<div class=\"elementor-element elementor-element-c133979 sc_height_huge sc_fly_static elementor-widget elementor-widget-spacer\" data-id=\"c133979\" data-element_type=\"widget\" data-widget_type=\"spacer.default\">\n\t\t\t\t<div class=\"elementor-widget-container\">\n\t\t\t\t\t<div class=\"elementor-spacer\">\n\t\t\t<div class=\"elementor-spacer-inner\"><\/div>\n\t\t<\/div>\n\t\t\t\t<\/div>\n\t\t\t\t<\/div>\n\t\t\t\t\t\t<\/div>\n\t\t\t\t\t<\/div>\n\t\t<\/div>\n\t\t\t\t\t\t\t\t<\/div>\n\t\t\t\t\t<\/div>\n\t\t<\/section>\n\t\t\t\t<section class=\"elementor-section elementor-top-section elementor-element elementor-element-42e4c63 elementor-section-stretched elementor-section-boxed elementor-section-height-default elementor-section-height-default elementor-invisible\" data-id=\"42e4c63\" data-element_type=\"section\" data-settings=\"{&quot;background_background&quot;:&quot;classic&quot;,&quot;stretch_section&quot;:&quot;section-stretched&quot;,&quot;animation&quot;:&quot;fadeIn&quot;}\">\n\t\t\t\t\t\t<div class=\"elementor-container elementor-column-gap-extended\">\n\t\t\t\t\t\t\t<div class=\"elementor-row\">\n\t\t\t\t\t<div class=\"elementor-column elementor-col-16 elementor-top-column elementor-element elementor-element-2788005 sc_layouts_column_icons_position_left\" data-id=\"2788005\" data-element_type=\"column\">\n\t\t\t<div class=\"elementor-column-wrap\">\n\t\t\t\t\t\t\t<div class=\"elementor-widget-wrap\">\n\t\t\t\t\t\t\t\t<\/div>\n\t\t\t\t\t<\/div>\n\t\t<\/div>\n\t\t\t\t<div class=\"elementor-column elementor-col-66 elementor-top-column elementor-element elementor-element-33e5223 sc_layouts_column_icons_position_left\" data-id=\"33e5223\" data-element_type=\"column\">\n\t\t\t<div class=\"elementor-column-wrap elementor-element-populated\">\n\t\t\t\t\t\t\t<div class=\"elementor-widget-wrap\">\n\t\t\t\t\t\t<div class=\"elementor-element elementor-element-ae3e95b sc_fly_static elementor-widget elementor-widget-spacer\" data-id=\"ae3e95b\" data-element_type=\"widget\" data-widget_type=\"spacer.default\">\n\t\t\t\t<div class=\"elementor-widget-container\">\n\t\t\t\t\t<div class=\"elementor-spacer\">\n\t\t\t<div class=\"elementor-spacer-inner\"><\/div>\n\t\t<\/div>\n\t\t\t\t<\/div>\n\t\t\t\t<\/div>\n\t\t\t\t<div class=\"elementor-element elementor-element-73e06fe sc_fly_static elementor-widget elementor-widget-trx_sc_title\" data-id=\"73e06fe\" data-element_type=\"widget\" data-widget_type=\"trx_sc_title.default\">\n\t\t\t\t<div class=\"elementor-widget-container\">\n\t\t\t<div id=\"trx_sc_title_1285548367\"\n\t\tclass=\"sc_title sc_title_default\"><span class=\"sc_item_subtitle sc_title_subtitle sc_align_center sc_item_subtitle_above sc_item_title_style_default\">Une question ? Un projet ?<\/span><h5 class=\"sc_item_title sc_title_title sc_align_center sc_item_title_style_default sc_item_title_tag\"><span class=\"sc_item_title_text\">Contactez notre \u00e9quipe<\/span><\/h5><\/div><!-- \/.sc_title -->\t\t<\/div>\n\t\t\t\t<\/div>\n\t\t\t\t<div class=\"elementor-element elementor-element-024f803 sc_fly_static elementor-widget elementor-widget-spacer\" data-id=\"024f803\" data-element_type=\"widget\" data-widget_type=\"spacer.default\">\n\t\t\t\t<div class=\"elementor-widget-container\">\n\t\t\t\t\t<div class=\"elementor-spacer\">\n\t\t\t<div class=\"elementor-spacer-inner\"><\/div>\n\t\t<\/div>\n\t\t\t\t<\/div>\n\t\t\t\t<\/div>\n\t\t\t\t<div class=\"elementor-element elementor-element-f0eb85b sc_fly_static elementor-widget elementor-widget-shortcode\" data-id=\"f0eb85b\" data-element_type=\"widget\" data-widget_type=\"shortcode.default\">\n\t\t\t\t<div class=\"elementor-widget-container\">\n\t\t\t\t\t<div class=\"elementor-shortcode\">\n<div class=\"wpcf7 no-js\" id=\"wpcf7-f13-o1\" lang=\"en-US\" dir=\"ltr\">\n<div class=\"screen-reader-response\"><p role=\"status\" aria-live=\"polite\" aria-atomic=\"true\"><\/p> <ul><\/ul><\/div>\n<form action=\"\/de\/wp-json\/wp\/v2\/pages\/5407#wpcf7-f13-o1\" method=\"post\" class=\"wpcf7-form init\" aria-label=\"Contact form\" novalidate=\"novalidate\" data-status=\"init\">\n<div style=\"display: none;\">\n<input type=\"hidden\" name=\"_wpcf7\" value=\"13\" \/>\n<input type=\"hidden\" name=\"_wpcf7_version\" value=\"5.9.2\" \/>\n<input type=\"hidden\" name=\"_wpcf7_locale\" value=\"en_US\" \/>\n<input type=\"hidden\" name=\"_wpcf7_unit_tag\" value=\"wpcf7-f13-o1\" \/>\n<input type=\"hidden\" name=\"_wpcf7_container_post\" value=\"0\" \/>\n<input type=\"hidden\" name=\"_wpcf7_posted_data_hash\" value=\"\" \/>\n<\/div>\n<div class=\"columns_wrap\">\n\t<div class=\"column-1_2\">\n\t\t<p><span class=\"wpcf7-form-control-wrap\" data-name=\"your-nom\"><input size=\"40\" class=\"wpcf7-form-control wpcf7-text wpcf7-validates-as-required\" aria-required=\"true\" aria-invalid=\"false\" placeholder=\"Votre nom\" value=\"\" type=\"text\" name=\"your-nom\" \/><\/span>\n\t\t<\/p>\n\t<\/div>\n\t<div class=\"column-1_2\">\n\t\t<p><span class=\"wpcf7-form-control-wrap\" data-name=\"your-prenom\"><input size=\"40\" class=\"wpcf7-form-control wpcf7-text wpcf7-validates-as-required\" aria-required=\"true\" aria-invalid=\"false\" placeholder=\"Votre pr\u00e9nom\" value=\"\" type=\"text\" name=\"your-prenom\" \/><\/span>\n\t\t<\/p>\n\t<\/div>\n<\/div>\n<div class=\"columns_wrap\">\n\t<div class=\"column-1_2\">\n\t\t<p><span class=\"wpcf7-form-control-wrap\" data-name=\"your-email\"><input size=\"40\" class=\"wpcf7-form-control wpcf7-email wpcf7-validates-as-required wpcf7-text wpcf7-validates-as-email\" aria-required=\"true\" aria-invalid=\"false\" placeholder=\"Votre adresse mail\" value=\"\" type=\"email\" name=\"your-email\" \/><\/span>\n\t\t<\/p>\n\t<\/div>\n\t<div class=\"column-1_2\">\n\t\t<p><span class=\"wpcf7-form-control-wrap\" data-name=\"tel-226\"><input size=\"40\" class=\"wpcf7-form-control wpcf7-text\" aria-invalid=\"false\" placeholder=\"Votre t\u00e9l\u00e9phone\" value=\"\" type=\"text\" name=\"tel-226\" \/><\/span>\n\t\t<\/p>\n\t<\/div>\n<\/div>\n<div class=\"columns_wrap\">\n\t<div class=\"column-1_1\">\n\t\t<p><span class=\"wpcf7-form-control-wrap\" data-name=\"message\"><textarea cols=\"10\" rows=\"4\" class=\"wpcf7-form-control wpcf7-textarea wpcf7-validates-as-required\" id=\"contact-message\" aria-required=\"true\" aria-invalid=\"false\" placeholder=\"Votre message\" name=\"message\"><\/textarea><\/span>\n\t\t<\/p>\n\t<\/div>\n<\/div>\n<p><input class=\"wpcf7-form-control wpcf7-submit has-spinner\" type=\"submit\" value=\"Envoyer\" \/>\n<\/p><div class=\"wpcf7-response-output\" aria-hidden=\"true\"><\/div>\n<\/form>\n<\/div>\n<\/div>\n\t\t\t\t<\/div>\n\t\t\t\t<\/div>\n\t\t\t\t<div class=\"elementor-element elementor-element-a744b4a sc_fly_static elementor-widget elementor-widget-spacer\" data-id=\"a744b4a\" data-element_type=\"widget\" data-widget_type=\"spacer.default\">\n\t\t\t\t<div class=\"elementor-widget-container\">\n\t\t\t\t\t<div class=\"elementor-spacer\">\n\t\t\t<div class=\"elementor-spacer-inner\"><\/div>\n\t\t<\/div>\n\t\t\t\t<\/div>\n\t\t\t\t<\/div>\n\t\t\t\t\t\t<\/div>\n\t\t\t\t\t<\/div>\n\t\t<\/div>\n\t\t\t\t<div class=\"elementor-column elementor-col-16 elementor-top-column elementor-element elementor-element-7a587de sc_layouts_column_icons_position_left\" data-id=\"7a587de\" data-element_type=\"column\">\n\t\t\t<div class=\"elementor-column-wrap\">\n\t\t\t\t\t\t\t<div class=\"elementor-widget-wrap\">\n\t\t\t\t\t\t\t\t<\/div>\n\t\t\t\t\t<\/div>\n\t\t<\/div>\n\t\t\t\t\t\t\t\t<\/div>\n\t\t\t\t\t<\/div>\n\t\t<\/section>\n\t\t\t\t<section class=\"elementor-section elementor-top-section elementor-element elementor-element-076e0ca elementor-section-boxed elementor-section-height-default elementor-section-height-default\" data-id=\"076e0ca\" data-element_type=\"section\">\n\t\t\t\t\t\t<div class=\"elementor-container elementor-column-gap-extended\">\n\t\t\t\t\t\t\t<div class=\"elementor-row\">\n\t\t\t\t\t<div class=\"elementor-column elementor-col-100 elementor-top-column elementor-element elementor-element-099a991 sc_layouts_column_icons_position_left\" data-id=\"099a991\" data-element_type=\"column\">\n\t\t\t<div class=\"elementor-column-wrap elementor-element-populated\">\n\t\t\t\t\t\t\t<div class=\"elementor-widget-wrap\">\n\t\t\t\t\t\t<div class=\"elementor-element elementor-element-69a560c sc_fly_static elementor-widget elementor-widget-spacer\" data-id=\"69a560c\" data-element_type=\"widget\" data-widget_type=\"spacer.default\">\n\t\t\t\t<div class=\"elementor-widget-container\">\n\t\t\t\t\t<div class=\"elementor-spacer\">\n\t\t\t<div class=\"elementor-spacer-inner\"><\/div>\n\t\t<\/div>\n\t\t\t\t<\/div>\n\t\t\t\t<\/div>\n\t\t\t\t\t\t<\/div>\n\t\t\t\t\t<\/div>\n\t\t<\/div>\n\t\t\t\t\t\t\t\t<\/div>\n\t\t\t\t\t<\/div>\n\t\t<\/section>\n\t\t\t\t\t\t<\/div>\n\t\t\t\t\t\t<\/div>\n\t\t\t\t\t<\/div>\n\t\t","protected":false},"excerpt":{"rendered":"<p>Contact Addresse: 3 Place du G\u00e9n\u00e9ral de Gaulle 88000 &#8211; \u00c9pinal T\u00e9l\u00e9phone : 09 62 60 04 56 Mail : projets@mobhy.eu \u00a0 Une question ? Un projet ? Contactez notre \u00e9quipe<\/p>\n","protected":false},"author":1,"featured_media":0,"parent":0,"menu_order":0,"comment_status":"closed","ping_status":"closed","template":"elementor_theme","meta":{"footnotes":""},"class_list":["post-5407","page","type-page","status-publish","hentry"],"yoast_head":"<!-- This site is optimized with the Yoast SEO plugin v18.3 - https:\/\/yoast.com\/wordpress\/plugins\/seo\/ -->\n<title>Kontakt - Mobhy<\/title>\n<meta name=\"robots\" content=\"index, follow, max-snippet:-1, max-image-preview:large, max-video-preview:-1\" \/>\n<link rel=\"canonical\" href=\"https:\/\/mobhy.eu\/de\/kontakt\/\" \/>\n<meta property=\"og:locale\" content=\"de_DE\" \/>\n<meta property=\"og:type\" content=\"article\" \/>\n<meta property=\"og:title\" content=\"Kontakt - Mobhy\" \/>\n<meta property=\"og:description\" content=\"Contact Addresse: 3 Place du G\u00e9n\u00e9ral de Gaulle 88000 &#8211; \u00c9pinal T\u00e9l\u00e9phone : 09 62 60 04 56 Mail : projets@mobhy.eu \u00a0 Une question ? Un projet ? Contactez notre \u00e9quipe\" \/>\n<meta property=\"og:url\" content=\"https:\/\/mobhy.eu\/de\/kontakt\/\" \/>\n<meta property=\"og:site_name\" content=\"Mobhy\" \/>\n<meta property=\"article:modified_time\" content=\"2024-03-15T16:24:56+00:00\" \/>\n<meta name=\"twitter:card\" content=\"summary_large_image\" \/>\n<meta name=\"twitter:label1\" content=\"Gesch\u00e4tzte Lesezeit\" \/>\n\t<meta name=\"twitter:data1\" content=\"1\u00a0Minute\" \/>\n<script type=\"application\/ld+json\" class=\"yoast-schema-graph\">{\"@context\":\"https:\/\/schema.org\",\"@graph\":[{\"@type\":\"WebSite\",\"@id\":\"https:\/\/mobhy.eu\/#website\",\"url\":\"https:\/\/mobhy.eu\/\",\"name\":\"Mobhy\",\"description\":\"\",\"potentialAction\":[{\"@type\":\"SearchAction\",\"target\":{\"@type\":\"EntryPoint\",\"urlTemplate\":\"https:\/\/mobhy.eu\/?s={search_term_string}\"},\"query-input\":\"required name=search_term_string\"}],\"inLanguage\":\"de\"},{\"@type\":\"WebPage\",\"@id\":\"https:\/\/mobhy.eu\/de\/kontakt\/#webpage\",\"url\":\"https:\/\/mobhy.eu\/de\/kontakt\/\",\"name\":\"Kontakt - Mobhy\",\"isPartOf\":{\"@id\":\"https:\/\/mobhy.eu\/#website\"},\"datePublished\":\"2018-07-15T11:45:07+00:00\",\"dateModified\":\"2024-03-15T16:24:56+00:00\",\"breadcrumb\":{\"@id\":\"https:\/\/mobhy.eu\/de\/kontakt\/#breadcrumb\"},\"inLanguage\":\"de\",\"potentialAction\":[{\"@type\":\"ReadAction\",\"target\":[\"https:\/\/mobhy.eu\/de\/kontakt\/\"]}]},{\"@type\":\"BreadcrumbList\",\"@id\":\"https:\/\/mobhy.eu\/de\/kontakt\/#breadcrumb\",\"itemListElement\":[{\"@type\":\"ListItem\",\"position\":1,\"name\":\"Accueil\",\"item\":\"https:\/\/mobhy.eu\/de\/\"},{\"@type\":\"ListItem\",\"position\":2,\"name\":\"Kontakt\"}]}]}<\/script>\n<!-- \/ Yoast SEO plugin. -->","yoast_head_json":{"title":"Kontakt - Mobhy","robots":{"index":"index","follow":"follow","max-snippet":"max-snippet:-1","max-image-preview":"max-image-preview:large","max-video-preview":"max-video-preview:-1"},"canonical":"https:\/\/mobhy.eu\/de\/kontakt\/","og_locale":"de_DE","og_type":"article","og_title":"Kontakt - Mobhy","og_description":"Contact Addresse: 3 Place du G\u00e9n\u00e9ral de Gaulle 88000 &#8211; \u00c9pinal T\u00e9l\u00e9phone : 09 62 60 04 56 Mail : projets@mobhy.eu \u00a0 Une question ? Un projet ? Contactez notre \u00e9quipe","og_url":"https:\/\/mobhy.eu\/de\/kontakt\/","og_site_name":"Mobhy","article_modified_time":"2024-03-15T16:24:56+00:00","twitter_card":"summary_large_image","twitter_misc":{"Gesch\u00e4tzte Lesezeit":"1\u00a0Minute"},"schema":{"@context":"https:\/\/schema.org","@graph":[{"@type":"WebSite","@id":"https:\/\/mobhy.eu\/#website","url":"https:\/\/mobhy.eu\/","name":"Mobhy","description":"","potentialAction":[{"@type":"SearchAction","target":{"@type":"EntryPoint","urlTemplate":"https:\/\/mobhy.eu\/?s={search_term_string}"},"query-input":"required name=search_term_string"}],"inLanguage":"de"},{"@type":"WebPage","@id":"https:\/\/mobhy.eu\/de\/kontakt\/#webpage","url":"https:\/\/mobhy.eu\/de\/kontakt\/","name":"Kontakt - Mobhy","isPartOf":{"@id":"https:\/\/mobhy.eu\/#website"},"datePublished":"2018-07-15T11:45:07+00:00","dateModified":"2024-03-15T16:24:56+00:00","breadcrumb":{"@id":"https:\/\/mobhy.eu\/de\/kontakt\/#breadcrumb"},"inLanguage":"de","potentialAction":[{"@type":"ReadAction","target":["https:\/\/mobhy.eu\/de\/kontakt\/"]}]},{"@type":"BreadcrumbList","@id":"https:\/\/mobhy.eu\/de\/kontakt\/#breadcrumb","itemListElement":[{"@type":"ListItem","position":1,"name":"Accueil","item":"https:\/\/mobhy.eu\/de\/"},{"@type":"ListItem","position":2,"name":"Kontakt"}]}]}},"uagb_featured_image_src":{"full":false,"thumbnail":false,"medium":false,"medium_large":false,"large":false,"1536x1536":false,"2048x2048":false,"post-thumbnail":false,"ekoterra-thumb-huge":false,"ekoterra-thumb-big":false,"ekoterra-thumb-services-square":false,"ekoterra-thumb-med":false,"ekoterra-thumb-tiny":false,"ekoterra-thumb-masonry-big":false,"ekoterra-thumb-masonry":false,"ekoterra-thumb-cats":false,"ekoterra-thumb-related-posts":false,"ekoterra-thumb-gallery-thumb":false,"ekoterra-thumb-icon-hovered":false,"ekoterra-thumb-rnews-announce":false,"ekoterra-thumb-blogger-sm":false,"ekoterra-thumb-team-square":false,"trx_addons-thumb-small":false,"trx_addons-thumb-portrait":false,"trx_addons-thumb-avatar":false},"uagb_author_info":{"display_name":"section4admin","author_link":"https:\/\/mobhy.eu\/de\/author\/section4admin\/"},"uagb_comment_info":0,"uagb_excerpt":"Contact Addresse: 3 Place du G\u00e9n\u00e9ral de Gaulle 88000 &#8211; \u00c9pinal T\u00e9l\u00e9phone : 09 62 60 04 56 Mail : projets@mobhy.eu \u00a0 Une question ? Un projet ? Contactez notre \u00e9quipe","_links":{"self":[{"href":"https:\/\/mobhy.eu\/de\/wp-json\/wp\/v2\/pages\/5407","targetHints":{"allow":["GET"]}}],"collection":[{"href":"https:\/\/mobhy.eu\/de\/wp-json\/wp\/v2\/pages"}],"about":[{"href":"https:\/\/mobhy.eu\/de\/wp-json\/wp\/v2\/types\/page"}],"author":[{"embeddable":true,"href":"https:\/\/mobhy.eu\/de\/wp-json\/wp\/v2\/users\/1"}],"replies":[{"embeddable":true,"href":"https:\/\/mobhy.eu\/de\/wp-json\/wp\/v2\/comments?post=5407"}],"version-history":[{"count":8,"href":"https:\/\/mobhy.eu\/de\/wp-json\/wp\/v2\/pages\/5407\/revisions"}],"predecessor-version":[{"id":6930,"href":"https:\/\/mobhy.eu\/de\/wp-json\/wp\/v2\/pages\/5407\/revisions\/6930"}],"wp:attachment":[{"href":"https:\/\/mobhy.eu\/de\/wp-json\/wp\/v2\/media?parent=5407"}],"curies":[{"name":"wp","href":"https:\/\/api.w.org\/{rel}","templated":true}]}}