{"id":5373,"date":"2021-02-18T16:14:05","date_gmt":"2021-02-18T15:14:05","guid":{"rendered":"https:\/\/mobhy.eu\/notre-metier\/"},"modified":"2021-04-08T10:20:13","modified_gmt":"2021-04-08T08:20:13","slug":"unser-job","status":"publish","type":"page","link":"https:\/\/mobhy.eu\/de\/unser-job\/","title":{"rendered":"Unser Job"},"content":{"rendered":"\t\t<div data-elementor-type=\"wp-post\" data-elementor-id=\"5373\" class=\"elementor elementor-5373\" data-elementor-settings=\"[]\">\n\t\t\t\t\t\t<div class=\"elementor-inner\">\n\t\t\t\t\t\t\t<div class=\"elementor-section-wrap\">\n\t\t\t\t\t\t\t<section class=\"elementor-section elementor-top-section elementor-element elementor-element-1639008 elementor-section-stretched elementor-section-boxed elementor-section-height-default elementor-section-height-default\" data-id=\"1639008\" data-element_type=\"section\" data-settings=\"{&quot;stretch_section&quot;:&quot;section-stretched&quot;}\">\n\t\t\t\t\t\t<div class=\"elementor-container elementor-column-gap-extended\">\n\t\t\t\t\t\t\t<div class=\"elementor-row\">\n\t\t\t\t\t<div class=\"elementor-column elementor-col-50 elementor-top-column elementor-element elementor-element-0e2671f sc_layouts_column_icons_position_left\" data-id=\"0e2671f\" data-element_type=\"column\">\n\t\t\t<div class=\"elementor-column-wrap elementor-element-populated\">\n\t\t\t\t\t\t\t<div class=\"elementor-widget-wrap\">\n\t\t\t\t\t\t<div class=\"elementor-element elementor-element-731d58d sc_fly_static elementor-invisible elementor-widget elementor-widget-trx_sc_title\" data-id=\"731d58d\" data-element_type=\"widget\" data-settings=\"{&quot;_animation&quot;:&quot;fadeInLeft&quot;,&quot;_animation_delay&quot;:333}\" data-widget_type=\"trx_sc_title.default\">\n\t\t\t\t<div class=\"elementor-widget-container\">\n\t\t\t<div id=\"trx_sc_title_356976467\"\n\t\tclass=\"sc_title sc_title_accent\"><h2 class=\"sc_item_title sc_title_title sc_item_title_style_accent sc_item_title_tag\"><span class=\"sc_item_title_text\">Die Erzeugung gr\u00fcner Energie, unser Kerngesch\u00e4ft<\/span><\/h2><\/div><!-- \/.sc_title -->\t\t<\/div>\n\t\t\t\t<\/div>\n\t\t\t\t<div class=\"elementor-element elementor-element-a845683 sc_fly_static elementor-widget elementor-widget-spacer\" data-id=\"a845683\" data-element_type=\"widget\" data-widget_type=\"spacer.default\">\n\t\t\t\t<div class=\"elementor-widget-container\">\n\t\t\t\t\t<div class=\"elementor-spacer\">\n\t\t\t<div class=\"elementor-spacer-inner\"><\/div>\n\t\t<\/div>\n\t\t\t\t<\/div>\n\t\t\t\t<\/div>\n\t\t\t\t<div class=\"elementor-element elementor-element-2b815da sc_fly_static elementor-widget elementor-widget-text-editor\" data-id=\"2b815da\" data-element_type=\"widget\" data-widget_type=\"text-editor.default\">\n\t\t\t\t<div class=\"elementor-widget-container\">\n\t\t\t\t\t<div class=\"elementor-text-editor elementor-clearfix\"><p class=\"p1\"><span class=\"s1\"> Mob&#8217;Hy wurde 2020 gegr\u00fcndet und ist ein Tochterunternehmen von Vent d&#8217;Est, einem Spezialisten f\u00fcr erneuerbare Energien wie Windkraft, Holz und Solarenergie seit 2005. Mit der Erfahrung des Entwicklers und Betreibers von Windkraft in Frankreich sind wir in der Lage, die Wasserstoffproduktionsprojekte unserer Kunden in ihrer Gesamtheit zu verwalten.<\/span><\/p><\/div>\n\t\t\t\t<\/div>\n\t\t\t\t<\/div>\n\t\t\t\t\t\t<\/div>\n\t\t\t\t\t<\/div>\n\t\t<\/div>\n\t\t\t\t<div class=\"elementor-column elementor-col-50 elementor-top-column elementor-element elementor-element-a60d4a4 sc_layouts_column_icons_position_left\" data-id=\"a60d4a4\" data-element_type=\"column\" data-settings=\"{&quot;background_background&quot;:&quot;slideshow&quot;,&quot;background_slideshow_gallery&quot;:[],&quot;background_slideshow_loop&quot;:&quot;yes&quot;,&quot;background_slideshow_slide_duration&quot;:5000,&quot;background_slideshow_slide_transition&quot;:&quot;fade&quot;,&quot;background_slideshow_transition_duration&quot;:500}\">\n\t\t\t<div class=\"elementor-column-wrap\">\n\t\t\t\t\t\t\t<div class=\"elementor-widget-wrap\">\n\t\t\t\t\t\t\t\t<\/div>\n\t\t\t\t\t<\/div>\n\t\t<\/div>\n\t\t\t\t\t\t\t\t<\/div>\n\t\t\t\t\t<\/div>\n\t\t<\/section>\n\t\t\t\t<section class=\"elementor-section elementor-top-section elementor-element elementor-element-11da299 elementor-section-height-min-height elementor-section-stretched elementor-section-boxed elementor-section-height-default elementor-section-items-middle\" data-id=\"11da299\" data-element_type=\"section\" data-settings=\"{&quot;stretch_section&quot;:&quot;section-stretched&quot;,&quot;background_background&quot;:&quot;slideshow&quot;,&quot;background_slideshow_gallery&quot;:[{&quot;id&quot;:4848,&quot;url&quot;:&quot;https:\\\/\\\/mobhy.eu\\\/wp-content\\\/uploads\\\/2021\\\/02\\\/background-metier.jpg&quot;}],&quot;background_slideshow_loop&quot;:&quot;yes&quot;,&quot;background_slideshow_slide_duration&quot;:5000,&quot;background_slideshow_slide_transition&quot;:&quot;fade&quot;,&quot;background_slideshow_transition_duration&quot;:500}\">\n\t\t\t\t\t\t<div class=\"elementor-container elementor-column-gap-extended\">\n\t\t\t\t\t\t\t<div class=\"elementor-row\">\n\t\t\t\t\t<div class=\"elementor-column elementor-col-100 elementor-top-column elementor-element elementor-element-dac0f0b sc_layouts_column_icons_position_left\" data-id=\"dac0f0b\" data-element_type=\"column\">\n\t\t\t<div class=\"elementor-column-wrap elementor-element-populated\">\n\t\t\t\t\t\t\t<div class=\"elementor-widget-wrap\">\n\t\t\t\t\t\t<div class=\"elementor-element elementor-element-3c3437e sc_fly_static elementor-widget elementor-widget-text-editor\" data-id=\"3c3437e\" data-element_type=\"widget\" data-widget_type=\"text-editor.default\">\n\t\t\t\t<div class=\"elementor-widget-container\">\n\t\t\t\t\t<div class=\"elementor-text-editor elementor-clearfix\"><p><b>Unser Erfahrungsschatz <\/b><b>\u00a0:<\/b><\/p><\/div>\n\t\t\t\t<\/div>\n\t\t\t\t<\/div>\n\t\t\t\t<section class=\"elementor-section elementor-inner-section elementor-element elementor-element-b30dc1e elementor-section-boxed elementor-section-height-default elementor-section-height-default\" data-id=\"b30dc1e\" data-element_type=\"section\">\n\t\t\t\t\t\t<div class=\"elementor-container elementor-column-gap-extended\">\n\t\t\t\t\t\t\t<div class=\"elementor-row\">\n\t\t\t\t\t<div class=\"elementor-column elementor-col-50 elementor-inner-column elementor-element elementor-element-f87aaa0 sc_layouts_column_icons_position_left\" data-id=\"f87aaa0\" data-element_type=\"column\">\n\t\t\t<div class=\"elementor-column-wrap elementor-element-populated\">\n\t\t\t\t\t\t\t<div class=\"elementor-widget-wrap\">\n\t\t\t\t\t\t<div class=\"elementor-element elementor-element-ccf6097 sc_fly_static elementor-widget elementor-widget-text-editor\" data-id=\"ccf6097\" data-element_type=\"widget\" data-widget_type=\"text-editor.default\">\n\t\t\t\t<div class=\"elementor-widget-container\">\n\t\t\t\t\t<div class=\"elementor-text-editor elementor-clearfix\"><p>\u00a0<\/p>\n<ul>\n<li class=\"li1\"><span class=\"s1\"> Durchf\u00fchrbarkeitsstudie<\/span><\/li>\n<li class=\"li1\"><span class=\"s1\"> Untersuchung des Territoriums<\/span><\/li>\n<li class=\"li1\"><span class=\"s1\"> Verhandlung mit K\u00e4ufern von H2<\/span><\/li>\n<li class=\"li1\"><span class=\"s1\">Verhandlung \u00fcber L\u00e4ndereien<\/span><\/li>\n<\/ul><\/div>\n\t\t\t\t<\/div>\n\t\t\t\t<\/div>\n\t\t\t\t\t\t<\/div>\n\t\t\t\t\t<\/div>\n\t\t<\/div>\n\t\t\t\t<div class=\"elementor-column elementor-col-50 elementor-inner-column elementor-element elementor-element-c407d22 sc_layouts_column_icons_position_left\" data-id=\"c407d22\" data-element_type=\"column\">\n\t\t\t<div class=\"elementor-column-wrap elementor-element-populated\">\n\t\t\t\t\t\t\t<div class=\"elementor-widget-wrap\">\n\t\t\t\t\t\t<div class=\"elementor-element elementor-element-a939a3f sc_fly_static elementor-widget elementor-widget-text-editor\" data-id=\"a939a3f\" data-element_type=\"widget\" data-widget_type=\"text-editor.default\">\n\t\t\t\t<div class=\"elementor-widget-container\">\n\t\t\t\t\t<div class=\"elementor-text-editor elementor-clearfix\"><ul>\n<li class=\"li1\"><span class=\"s1\"> Entwicklung der Stromerzeugung (Wind, Sonne) oder Mobilisierung von <\/span>Holz-Energieressourcen.<\/li>\n<li class=\"li1\"><span class=\"s1\"> Entwicklung von H2-Produktions- und Speichereinheiten<\/span><\/li>\n<li class=\"li1\"><span class=\"s1\">Bau von Wasserstoffanlagen (Bauherrenberatung)<\/span><\/li>\n<li class=\"li1\"><span class=\"s1\">Aufwertung von Nebenprodukten (O2, W\u00e4rme, Biokohle)<\/span><\/li>\n<\/ul><\/div>\n\t\t\t\t<\/div>\n\t\t\t\t<\/div>\n\t\t\t\t\t\t<\/div>\n\t\t\t\t\t<\/div>\n\t\t<\/div>\n\t\t\t\t\t\t\t\t<\/div>\n\t\t\t\t\t<\/div>\n\t\t<\/section>\n\t\t\t\t\t\t<\/div>\n\t\t\t\t\t<\/div>\n\t\t<\/div>\n\t\t\t\t\t\t\t\t<\/div>\n\t\t\t\t\t<\/div>\n\t\t<\/section>\n\t\t\t\t<section class=\"elementor-section elementor-top-section elementor-element elementor-element-790a0d4 elementor-section-stretched elementor-section-boxed elementor-section-height-default elementor-section-height-default\" data-id=\"790a0d4\" data-element_type=\"section\" data-settings=\"{&quot;stretch_section&quot;:&quot;section-stretched&quot;}\">\n\t\t\t\t\t\t<div class=\"elementor-container elementor-column-gap-extended\">\n\t\t\t\t\t\t\t<div class=\"elementor-row\">\n\t\t\t\t\t<div class=\"elementor-column elementor-col-33 elementor-top-column elementor-element elementor-element-8840234 sc_layouts_column_icons_position_left\" data-id=\"8840234\" data-element_type=\"column\">\n\t\t\t<div class=\"elementor-column-wrap elementor-element-populated\">\n\t\t\t\t\t\t\t<div class=\"elementor-widget-wrap\">\n\t\t\t\t\t\t<div class=\"elementor-element elementor-element-ed9049a sc_fly_static elementor-widget elementor-widget-spacer\" data-id=\"ed9049a\" data-element_type=\"widget\" data-widget_type=\"spacer.default\">\n\t\t\t\t<div class=\"elementor-widget-container\">\n\t\t\t\t\t<div class=\"elementor-spacer\">\n\t\t\t<div class=\"elementor-spacer-inner\"><\/div>\n\t\t<\/div>\n\t\t\t\t<\/div>\n\t\t\t\t<\/div>\n\t\t\t\t\t\t<\/div>\n\t\t\t\t\t<\/div>\n\t\t<\/div>\n\t\t\t\t<div class=\"elementor-column elementor-col-33 elementor-top-column elementor-element elementor-element-1102552 sc_layouts_column_icons_position_left\" data-id=\"1102552\" data-element_type=\"column\">\n\t\t\t<div class=\"elementor-column-wrap elementor-element-populated\">\n\t\t\t\t\t\t\t<div class=\"elementor-widget-wrap\">\n\t\t\t\t\t\t<div class=\"elementor-element elementor-element-19c266e sc_fly_static elementor-invisible elementor-widget elementor-widget-trx_sc_title\" data-id=\"19c266e\" data-element_type=\"widget\" data-settings=\"{&quot;_animation&quot;:&quot;fadeInDown&quot;,&quot;_animation_delay&quot;:333}\" data-widget_type=\"trx_sc_title.default\">\n\t\t\t\t<div class=\"elementor-widget-container\">\n\t\t\t<div id=\"trx_sc_title_1624330042\"\n\t\tclass=\"sc_title sc_title_accent\"><h3 class=\"sc_item_title sc_title_title sc_align_center sc_item_title_style_accent sc_item_title_tag\"><span class=\"sc_item_title_text\">Ein Team mit komplement\u00e4ren Profilen, Mitarbeiter, die in die Zukunft schauen.<\/span><\/h3><\/div><!-- \/.sc_title -->\t\t<\/div>\n\t\t\t\t<\/div>\n\t\t\t\t<div class=\"elementor-element elementor-element-dd5fd7a sc_fly_static elementor-widget elementor-widget-spacer\" data-id=\"dd5fd7a\" data-element_type=\"widget\" data-widget_type=\"spacer.default\">\n\t\t\t\t<div class=\"elementor-widget-container\">\n\t\t\t\t\t<div class=\"elementor-spacer\">\n\t\t\t<div class=\"elementor-spacer-inner\"><\/div>\n\t\t<\/div>\n\t\t\t\t<\/div>\n\t\t\t\t<\/div>\n\t\t\t\t<div class=\"elementor-element elementor-element-a38e2fd buttonDegrade elementor-align-center sc_fly_static elementor-widget elementor-widget-button\" data-id=\"a38e2fd\" data-element_type=\"widget\" data-widget_type=\"button.default\">\n\t\t\t\t<div class=\"elementor-widget-container\">\n\t\t\t\t\t<div class=\"elementor-button-wrapper\">\n\t\t\t<a href=\"https:\/\/mobhy.eu\/de\/das-team\/\" class=\"elementor-button-link elementor-button elementor-size-lg\" role=\"button\">\n\t\t\t\t\t\t<span class=\"elementor-button-content-wrapper\">\n\t\t\t\t\t\t<span class=\"elementor-button-text\">Entdecken Sie das Team<\/span>\n\t\t<\/span>\n\t\t\t\t\t<\/a>\n\t\t<\/div>\n\t\t\t\t<\/div>\n\t\t\t\t<\/div>\n\t\t\t\t\t\t<\/div>\n\t\t\t\t\t<\/div>\n\t\t<\/div>\n\t\t\t\t<div class=\"elementor-column elementor-col-33 elementor-top-column elementor-element elementor-element-adb0858 sc_layouts_column_icons_position_left\" data-id=\"adb0858\" data-element_type=\"column\">\n\t\t\t<div class=\"elementor-column-wrap elementor-element-populated\">\n\t\t\t\t\t\t\t<div class=\"elementor-widget-wrap\">\n\t\t\t\t\t\t<div class=\"elementor-element elementor-element-12893ba sc_fly_static elementor-widget elementor-widget-spacer\" data-id=\"12893ba\" data-element_type=\"widget\" data-widget_type=\"spacer.default\">\n\t\t\t\t<div class=\"elementor-widget-container\">\n\t\t\t\t\t<div class=\"elementor-spacer\">\n\t\t\t<div class=\"elementor-spacer-inner\"><\/div>\n\t\t<\/div>\n\t\t\t\t<\/div>\n\t\t\t\t<\/div>\n\t\t\t\t\t\t<\/div>\n\t\t\t\t\t<\/div>\n\t\t<\/div>\n\t\t\t\t\t\t\t\t<\/div>\n\t\t\t\t\t<\/div>\n\t\t<\/section>\n\t\t\t\t<section class=\"elementor-section elementor-top-section elementor-element elementor-element-17b1a36 elementor-section-boxed elementor-section-height-default elementor-section-height-default\" data-id=\"17b1a36\" data-element_type=\"section\">\n\t\t\t\t\t\t<div class=\"elementor-container elementor-column-gap-extended\">\n\t\t\t\t\t\t\t<div class=\"elementor-row\">\n\t\t\t\t\t<div class=\"elementor-column elementor-col-50 elementor-top-column elementor-element elementor-element-e9717ac sc_layouts_column_icons_position_left\" data-id=\"e9717ac\" data-element_type=\"column\">\n\t\t\t<div class=\"elementor-column-wrap\">\n\t\t\t\t\t\t\t<div class=\"elementor-widget-wrap\">\n\t\t\t\t\t\t\t\t<\/div>\n\t\t\t\t\t<\/div>\n\t\t<\/div>\n\t\t\t\t<div class=\"elementor-column elementor-col-50 elementor-top-column elementor-element elementor-element-8c37127 sc_layouts_column_icons_position_left\" data-id=\"8c37127\" data-element_type=\"column\">\n\t\t\t<div class=\"elementor-column-wrap\">\n\t\t\t\t\t\t\t<div class=\"elementor-widget-wrap\">\n\t\t\t\t\t\t\t\t<\/div>\n\t\t\t\t\t<\/div>\n\t\t<\/div>\n\t\t\t\t\t\t\t\t<\/div>\n\t\t\t\t\t<\/div>\n\t\t<\/section>\n\t\t\t\t\t\t<\/div>\n\t\t\t\t\t\t<\/div>\n\t\t\t\t\t<\/div>\n\t\t","protected":false},"excerpt":{"rendered":"<p>Die Erzeugung gr\u00fcner Energie, unser Kerngesch\u00e4ft Mob&#8217;Hy wurde 2020 gegr\u00fcndet und ist ein Tochterunternehmen von Vent d&#8217;Est, einem Spezialisten f\u00fcr erneuerbare Energien wie Windkraft, Holz und Solarenergie seit 2005. Mit der Erfahrung des&hellip;<\/p>\n","protected":false},"author":1,"featured_media":0,"parent":0,"menu_order":0,"comment_status":"closed","ping_status":"closed","template":"","meta":{"footnotes":""},"class_list":["post-5373","page","type-page","status-publish","hentry"],"yoast_head":"<!-- This site is optimized with the Yoast SEO plugin v18.3 - https:\/\/yoast.com\/wordpress\/plugins\/seo\/ -->\n<title>Unser Job - Mobhy<\/title>\n<meta name=\"robots\" content=\"index, follow, max-snippet:-1, max-image-preview:large, max-video-preview:-1\" \/>\n<link rel=\"canonical\" href=\"https:\/\/mobhy.eu\/de\/unser-job\/\" \/>\n<meta property=\"og:locale\" content=\"de_DE\" \/>\n<meta property=\"og:type\" content=\"article\" \/>\n<meta property=\"og:title\" content=\"Unser Job - Mobhy\" \/>\n<meta property=\"og:description\" content=\"Die Erzeugung gr\u00fcner Energie, unser Kerngesch\u00e4ft Mob&#8217;Hy wurde 2020 gegr\u00fcndet und ist ein Tochterunternehmen von Vent d&#8217;Est, einem Spezialisten f\u00fcr erneuerbare Energien wie Windkraft, Holz und Solarenergie seit 2005. Mit der Erfahrung des&hellip;\" \/>\n<meta property=\"og:url\" content=\"https:\/\/mobhy.eu\/de\/unser-job\/\" \/>\n<meta property=\"og:site_name\" content=\"Mobhy\" \/>\n<meta property=\"article:modified_time\" content=\"2021-04-08T08:20:13+00:00\" \/>\n<meta name=\"twitter:card\" content=\"summary_large_image\" \/>\n<meta name=\"twitter:label1\" content=\"Gesch\u00e4tzte Lesezeit\" \/>\n\t<meta name=\"twitter:data1\" content=\"1\u00a0Minute\" \/>\n<script type=\"application\/ld+json\" class=\"yoast-schema-graph\">{\"@context\":\"https:\/\/schema.org\",\"@graph\":[{\"@type\":\"WebSite\",\"@id\":\"https:\/\/mobhy.eu\/#website\",\"url\":\"https:\/\/mobhy.eu\/\",\"name\":\"Mobhy\",\"description\":\"\",\"potentialAction\":[{\"@type\":\"SearchAction\",\"target\":{\"@type\":\"EntryPoint\",\"urlTemplate\":\"https:\/\/mobhy.eu\/?s={search_term_string}\"},\"query-input\":\"required name=search_term_string\"}],\"inLanguage\":\"de\"},{\"@type\":\"WebPage\",\"@id\":\"https:\/\/mobhy.eu\/de\/unser-job\/#webpage\",\"url\":\"https:\/\/mobhy.eu\/de\/unser-job\/\",\"name\":\"Unser Job - Mobhy\",\"isPartOf\":{\"@id\":\"https:\/\/mobhy.eu\/#website\"},\"datePublished\":\"2021-02-18T15:14:05+00:00\",\"dateModified\":\"2021-04-08T08:20:13+00:00\",\"breadcrumb\":{\"@id\":\"https:\/\/mobhy.eu\/de\/unser-job\/#breadcrumb\"},\"inLanguage\":\"de\",\"potentialAction\":[{\"@type\":\"ReadAction\",\"target\":[\"https:\/\/mobhy.eu\/de\/unser-job\/\"]}]},{\"@type\":\"BreadcrumbList\",\"@id\":\"https:\/\/mobhy.eu\/de\/unser-job\/#breadcrumb\",\"itemListElement\":[{\"@type\":\"ListItem\",\"position\":1,\"name\":\"Accueil\",\"item\":\"https:\/\/mobhy.eu\/de\/\"},{\"@type\":\"ListItem\",\"position\":2,\"name\":\"Unser Job\"}]}]}<\/script>\n<!-- \/ Yoast SEO plugin. -->","yoast_head_json":{"title":"Unser Job - Mobhy","robots":{"index":"index","follow":"follow","max-snippet":"max-snippet:-1","max-image-preview":"max-image-preview:large","max-video-preview":"max-video-preview:-1"},"canonical":"https:\/\/mobhy.eu\/de\/unser-job\/","og_locale":"de_DE","og_type":"article","og_title":"Unser Job - Mobhy","og_description":"Die Erzeugung gr\u00fcner Energie, unser Kerngesch\u00e4ft Mob&#8217;Hy wurde 2020 gegr\u00fcndet und ist ein Tochterunternehmen von Vent d&#8217;Est, einem Spezialisten f\u00fcr erneuerbare Energien wie Windkraft, Holz und Solarenergie seit 2005. Mit der Erfahrung des&hellip;","og_url":"https:\/\/mobhy.eu\/de\/unser-job\/","og_site_name":"Mobhy","article_modified_time":"2021-04-08T08:20:13+00:00","twitter_card":"summary_large_image","twitter_misc":{"Gesch\u00e4tzte Lesezeit":"1\u00a0Minute"},"schema":{"@context":"https:\/\/schema.org","@graph":[{"@type":"WebSite","@id":"https:\/\/mobhy.eu\/#website","url":"https:\/\/mobhy.eu\/","name":"Mobhy","description":"","potentialAction":[{"@type":"SearchAction","target":{"@type":"EntryPoint","urlTemplate":"https:\/\/mobhy.eu\/?s={search_term_string}"},"query-input":"required name=search_term_string"}],"inLanguage":"de"},{"@type":"WebPage","@id":"https:\/\/mobhy.eu\/de\/unser-job\/#webpage","url":"https:\/\/mobhy.eu\/de\/unser-job\/","name":"Unser Job - Mobhy","isPartOf":{"@id":"https:\/\/mobhy.eu\/#website"},"datePublished":"2021-02-18T15:14:05+00:00","dateModified":"2021-04-08T08:20:13+00:00","breadcrumb":{"@id":"https:\/\/mobhy.eu\/de\/unser-job\/#breadcrumb"},"inLanguage":"de","potentialAction":[{"@type":"ReadAction","target":["https:\/\/mobhy.eu\/de\/unser-job\/"]}]},{"@type":"BreadcrumbList","@id":"https:\/\/mobhy.eu\/de\/unser-job\/#breadcrumb","itemListElement":[{"@type":"ListItem","position":1,"name":"Accueil","item":"https:\/\/mobhy.eu\/de\/"},{"@type":"ListItem","position":2,"name":"Unser Job"}]}]}},"uagb_featured_image_src":{"full":false,"thumbnail":false,"medium":false,"medium_large":false,"large":false,"1536x1536":false,"2048x2048":false,"post-thumbnail":false,"ekoterra-thumb-huge":false,"ekoterra-thumb-big":false,"ekoterra-thumb-services-square":false,"ekoterra-thumb-med":false,"ekoterra-thumb-tiny":false,"ekoterra-thumb-masonry-big":false,"ekoterra-thumb-masonry":false,"ekoterra-thumb-cats":false,"ekoterra-thumb-related-posts":false,"ekoterra-thumb-gallery-thumb":false,"ekoterra-thumb-icon-hovered":false,"ekoterra-thumb-rnews-announce":false,"ekoterra-thumb-blogger-sm":false,"ekoterra-thumb-team-square":false,"trx_addons-thumb-small":false,"trx_addons-thumb-portrait":false,"trx_addons-thumb-avatar":false},"uagb_author_info":{"display_name":"section4admin","author_link":"https:\/\/mobhy.eu\/de\/author\/section4admin\/"},"uagb_comment_info":0,"uagb_excerpt":"Die Erzeugung gr\u00fcner Energie, unser Kerngesch\u00e4ft Mob&#8217;Hy wurde 2020 gegr\u00fcndet und ist ein Tochterunternehmen von Vent d&#8217;Est, einem Spezialisten f\u00fcr erneuerbare Energien wie Windkraft, Holz und Solarenergie seit 2005. Mit der Erfahrung des&hellip;","_links":{"self":[{"href":"https:\/\/mobhy.eu\/de\/wp-json\/wp\/v2\/pages\/5373","targetHints":{"allow":["GET"]}}],"collection":[{"href":"https:\/\/mobhy.eu\/de\/wp-json\/wp\/v2\/pages"}],"about":[{"href":"https:\/\/mobhy.eu\/de\/wp-json\/wp\/v2\/types\/page"}],"author":[{"embeddable":true,"href":"https:\/\/mobhy.eu\/de\/wp-json\/wp\/v2\/users\/1"}],"replies":[{"embeddable":true,"href":"https:\/\/mobhy.eu\/de\/wp-json\/wp\/v2\/comments?post=5373"}],"version-history":[{"count":7,"href":"https:\/\/mobhy.eu\/de\/wp-json\/wp\/v2\/pages\/5373\/revisions"}],"predecessor-version":[{"id":5413,"href":"https:\/\/mobhy.eu\/de\/wp-json\/wp\/v2\/pages\/5373\/revisions\/5413"}],"wp:attachment":[{"href":"https:\/\/mobhy.eu\/de\/wp-json\/wp\/v2\/media?parent=5373"}],"curies":[{"name":"wp","href":"https:\/\/api.w.org\/{rel}","templated":true}]}}