{"id":5362,"date":"2021-02-15T11:29:16","date_gmt":"2021-02-15T10:29:16","guid":{"rendered":"https:\/\/mobhy.eu\/mobhy-qui-seme-le-vent-recolte-hydrogene\/"},"modified":"2021-04-08T10:22:31","modified_gmt":"2021-04-08T08:22:31","slug":"uber-uns","status":"publish","type":"page","link":"https:\/\/mobhy.eu\/de\/uber-uns\/","title":{"rendered":"\u00dcber uns"},"content":{"rendered":"\t\t<div data-elementor-type=\"wp-post\" data-elementor-id=\"5362\" class=\"elementor elementor-5362\" data-elementor-settings=\"[]\">\n\t\t\t\t\t\t<div class=\"elementor-inner\">\n\t\t\t\t\t\t\t<div class=\"elementor-section-wrap\">\n\t\t\t\t\t\t\t<section class=\"elementor-section elementor-top-section elementor-element elementor-element-85f9765 elementor-section-stretched elementor-section-boxed elementor-section-height-default elementor-section-height-default\" data-id=\"85f9765\" data-element_type=\"section\" data-settings=\"{&quot;stretch_section&quot;:&quot;section-stretched&quot;}\">\n\t\t\t\t\t\t<div class=\"elementor-container elementor-column-gap-extended\">\n\t\t\t\t\t\t\t<div class=\"elementor-row\">\n\t\t\t\t\t<div class=\"elementor-column elementor-col-50 elementor-top-column elementor-element elementor-element-c362eb1 sc_layouts_column_icons_position_left\" data-id=\"c362eb1\" data-element_type=\"column\">\n\t\t\t<div class=\"elementor-column-wrap elementor-element-populated\">\n\t\t\t\t\t\t\t<div class=\"elementor-widget-wrap\">\n\t\t\t\t\t\t<div class=\"elementor-element elementor-element-52ec86a sc_fly_static elementor-invisible elementor-widget elementor-widget-trx_sc_title\" data-id=\"52ec86a\" data-element_type=\"widget\" data-settings=\"{&quot;_animation&quot;:&quot;fadeInLeft&quot;,&quot;_animation_delay&quot;:333}\" data-widget_type=\"trx_sc_title.default\">\n\t\t\t\t<div class=\"elementor-widget-container\">\n\t\t\t<div id=\"trx_sc_title_690417916\"\n\t\tclass=\"sc_title sc_title_accent\"><h2 class=\"sc_item_title sc_title_title sc_item_title_style_accent sc_item_title_tag\"><span class=\"sc_item_title_text\">Mob'Hy: <br>Wer Wind s\u00e4t, sammelt Wasserstoff<\/span><\/h2><\/div><!-- \/.sc_title -->\t\t<\/div>\n\t\t\t\t<\/div>\n\t\t\t\t<div class=\"elementor-element elementor-element-e38a948 sc_fly_static elementor-widget elementor-widget-spacer\" data-id=\"e38a948\" data-element_type=\"widget\" data-widget_type=\"spacer.default\">\n\t\t\t\t<div class=\"elementor-widget-container\">\n\t\t\t\t\t<div class=\"elementor-spacer\">\n\t\t\t<div class=\"elementor-spacer-inner\"><\/div>\n\t\t<\/div>\n\t\t\t\t<\/div>\n\t\t\t\t<\/div>\n\t\t\t\t<div class=\"elementor-element elementor-element-31aea2c sc_fly_static elementor-widget elementor-widget-text-editor\" data-id=\"31aea2c\" data-element_type=\"widget\" data-widget_type=\"text-editor.default\">\n\t\t\t\t<div class=\"elementor-widget-container\">\n\t\t\t\t\t<div class=\"elementor-text-editor elementor-clearfix\"><p class=\"p1\"><span class=\"s1\"> Mob&#8217;Hy ist aus dem Willen der Gr\u00fcnder von Vent d&#8217;Est und des Teams, das sich ihnen angeschlossen hat, entstanden: Saubere, kosteng\u00fcnstige Energie zu erzeugen, von der die Einwohner und Kunden des versorgten Gebiets so gut wie m\u00f6glich profitieren k\u00f6nnen.<\/span><\/p><p class=\"p1\"><span class=\"s1\">Heute studiert, entwickelt und verwaltet Mob&#8217;Hy Projekte zur Herstellung und Verteilung von Wasserstoff. Mob&#8217;Hy m\u00f6chte diese Projekte so weit wie m\u00f6glich nutzen und ein Produktionsnetzwerk in Europa aufbauen.<\/span><\/p><\/div>\n\t\t\t\t<\/div>\n\t\t\t\t<\/div>\n\t\t\t\t\t\t<\/div>\n\t\t\t\t\t<\/div>\n\t\t<\/div>\n\t\t\t\t<div class=\"elementor-column elementor-col-50 elementor-top-column elementor-element elementor-element-2b45fb8 sc_layouts_column_icons_position_left\" data-id=\"2b45fb8\" data-element_type=\"column\" data-settings=\"{&quot;background_background&quot;:&quot;slideshow&quot;,&quot;background_slideshow_gallery&quot;:[{&quot;id&quot;:4690,&quot;url&quot;:&quot;https:\\\/\\\/mobhy.eu\\\/wp-content\\\/uploads\\\/2021\\\/02\\\/eolienne-hydrogene.jpg&quot;}],&quot;background_slideshow_loop&quot;:&quot;yes&quot;,&quot;background_slideshow_slide_duration&quot;:5000,&quot;background_slideshow_slide_transition&quot;:&quot;fade&quot;,&quot;background_slideshow_transition_duration&quot;:500}\">\n\t\t\t<div class=\"elementor-column-wrap\">\n\t\t\t\t\t\t\t<div class=\"elementor-widget-wrap\">\n\t\t\t\t\t\t\t\t<\/div>\n\t\t\t\t\t<\/div>\n\t\t<\/div>\n\t\t\t\t\t\t\t\t<\/div>\n\t\t\t\t\t<\/div>\n\t\t<\/section>\n\t\t\t\t<section class=\"elementor-section elementor-top-section elementor-element elementor-element-03e98d4 elementor-section-boxed elementor-section-height-default elementor-section-height-default\" data-id=\"03e98d4\" data-element_type=\"section\">\n\t\t\t\t\t\t<div class=\"elementor-container elementor-column-gap-extended\">\n\t\t\t\t\t\t\t<div class=\"elementor-row\">\n\t\t\t\t\t<div class=\"elementor-column elementor-col-100 elementor-top-column elementor-element elementor-element-5fa3196 sc_layouts_column_icons_position_left\" data-id=\"5fa3196\" data-element_type=\"column\">\n\t\t\t<div class=\"elementor-column-wrap elementor-element-populated\">\n\t\t\t\t\t\t\t<div class=\"elementor-widget-wrap\">\n\t\t\t\t\t\t<div class=\"elementor-element elementor-element-90d9039 elementor-align-center buttonDegrade sc_fly_static elementor-widget elementor-widget-button\" data-id=\"90d9039\" data-element_type=\"widget\" data-widget_type=\"button.default\">\n\t\t\t\t<div class=\"elementor-widget-container\">\n\t\t\t\t\t<div class=\"elementor-button-wrapper\">\n\t\t\t<a href=\"https:\/\/mobhy.eu\/de\/kontakt\/\" class=\"elementor-button-link elementor-button elementor-size-lg\" role=\"button\">\n\t\t\t\t\t\t<span class=\"elementor-button-content-wrapper\">\n\t\t\t\t\t\t<span class=\"elementor-button-text\">Vereinbaren Sie einen Termin oder bitten Sie darum, kontaktiert zu werden<\/span>\n\t\t<\/span>\n\t\t\t\t\t<\/a>\n\t\t<\/div>\n\t\t\t\t<\/div>\n\t\t\t\t<\/div>\n\t\t\t\t<div class=\"elementor-element elementor-element-85027e6 sc_fly_static elementor-widget elementor-widget-spacer\" data-id=\"85027e6\" data-element_type=\"widget\" data-widget_type=\"spacer.default\">\n\t\t\t\t<div class=\"elementor-widget-container\">\n\t\t\t\t\t<div class=\"elementor-spacer\">\n\t\t\t<div class=\"elementor-spacer-inner\"><\/div>\n\t\t<\/div>\n\t\t\t\t<\/div>\n\t\t\t\t<\/div>\n\t\t\t\t\t\t<\/div>\n\t\t\t\t\t<\/div>\n\t\t<\/div>\n\t\t\t\t\t\t\t\t<\/div>\n\t\t\t\t\t<\/div>\n\t\t<\/section>\n\t\t\t\t<section class=\"elementor-section elementor-top-section elementor-element elementor-element-11da299 elementor-section-height-min-height elementor-section-stretched elementor-section-boxed elementor-section-height-default elementor-section-items-middle\" data-id=\"11da299\" data-element_type=\"section\" data-settings=\"{&quot;stretch_section&quot;:&quot;section-stretched&quot;,&quot;background_background&quot;:&quot;slideshow&quot;,&quot;background_slideshow_gallery&quot;:[{&quot;id&quot;:4742,&quot;url&quot;:&quot;https:\\\/\\\/mobhy.eu\\\/wp-content\\\/uploads\\\/2021\\\/02\\\/vosges-background.jpg&quot;}],&quot;background_slideshow_loop&quot;:&quot;yes&quot;,&quot;background_slideshow_slide_duration&quot;:5000,&quot;background_slideshow_slide_transition&quot;:&quot;fade&quot;,&quot;background_slideshow_transition_duration&quot;:500}\">\n\t\t\t\t\t\t<div class=\"elementor-container elementor-column-gap-extended\">\n\t\t\t\t\t\t\t<div class=\"elementor-row\">\n\t\t\t\t\t<div class=\"elementor-column elementor-col-100 elementor-top-column elementor-element elementor-element-dac0f0b sc_layouts_column_icons_position_left\" data-id=\"dac0f0b\" data-element_type=\"column\">\n\t\t\t<div class=\"elementor-column-wrap elementor-element-populated\">\n\t\t\t\t\t\t\t<div class=\"elementor-widget-wrap\">\n\t\t\t\t\t\t<div class=\"elementor-element elementor-element-3c3437e sc_fly_static elementor-widget elementor-widget-text-editor\" data-id=\"3c3437e\" data-element_type=\"widget\" data-widget_type=\"text-editor.default\">\n\t\t\t\t<div class=\"elementor-widget-container\">\n\t\t\t\t\t<div class=\"elementor-text-editor elementor-clearfix\"><p class=\"p1\"><strong><span class=\"s1\">Unser Herz in der Region Grand Est, Projekte ohne Grenzen :<\/span><\/strong><\/p><\/div>\n\t\t\t\t<\/div>\n\t\t\t\t<\/div>\n\t\t\t\t<div class=\"elementor-element elementor-element-50ef468 sc_fly_static elementor-widget elementor-widget-text-editor\" data-id=\"50ef468\" data-element_type=\"widget\" data-widget_type=\"text-editor.default\">\n\t\t\t\t<div class=\"elementor-widget-container\">\n\t\t\t\t\t<div class=\"elementor-text-editor elementor-clearfix\"><p class=\"p1\"><span class=\"s1\">Wir sind in den Vogesen-T\u00e4lern an der Wasserscheide zwischen Nordsee, Mittelmeer und Atlantik aufgewachsen: Wir bauen nat\u00fcrlich unsere Partnerschaften in der \u201eGro\u00dfregion\u201c Wallonien, Luxemburg, Grand\u00a0Est, Saarland und Rheinland-Pfalz auf und arbeiten mit Zuversicht in ganz Europa.<\/span><\/p><\/div>\n\t\t\t\t<\/div>\n\t\t\t\t<\/div>\n\t\t\t\t\t\t<\/div>\n\t\t\t\t\t<\/div>\n\t\t<\/div>\n\t\t\t\t\t\t\t\t<\/div>\n\t\t\t\t\t<\/div>\n\t\t<\/section>\n\t\t\t\t<section class=\"elementor-section elementor-top-section elementor-element elementor-element-a8a1e38 elementor-section-stretched elementor-section-boxed elementor-section-height-default elementor-section-height-default\" data-id=\"a8a1e38\" data-element_type=\"section\" data-settings=\"{&quot;stretch_section&quot;:&quot;section-stretched&quot;}\">\n\t\t\t\t\t\t<div class=\"elementor-container elementor-column-gap-extended\">\n\t\t\t\t\t\t\t<div class=\"elementor-row\">\n\t\t\t\t\t<div class=\"elementor-column elementor-col-50 elementor-top-column elementor-element elementor-element-a4aa4c9 sc_layouts_column_icons_position_left\" data-id=\"a4aa4c9\" data-element_type=\"column\">\n\t\t\t<div class=\"elementor-column-wrap elementor-element-populated\">\n\t\t\t\t\t\t\t<div class=\"elementor-widget-wrap\">\n\t\t\t\t\t\t<div class=\"elementor-element elementor-element-fb487de sc_fly_static elementor-invisible elementor-widget elementor-widget-trx_sc_title\" data-id=\"fb487de\" data-element_type=\"widget\" data-settings=\"{&quot;_animation&quot;:&quot;fadeInLeft&quot;,&quot;_animation_delay&quot;:333}\" data-widget_type=\"trx_sc_title.default\">\n\t\t\t\t<div class=\"elementor-widget-container\">\n\t\t\t<div id=\"trx_sc_title_1415861172\"\n\t\tclass=\"sc_title sc_title_accent\"><h2 class=\"sc_item_title sc_title_title sc_item_title_style_accent sc_item_title_tag\"><span class=\"sc_item_title_text\">Mobhy in Zahlen<\/span><\/h2><\/div><!-- \/.sc_title -->\t\t<\/div>\n\t\t\t\t<\/div>\n\t\t\t\t<div class=\"elementor-element elementor-element-d46a131 sc_fly_static elementor-widget elementor-widget-spacer\" data-id=\"d46a131\" data-element_type=\"widget\" data-widget_type=\"spacer.default\">\n\t\t\t\t<div class=\"elementor-widget-container\">\n\t\t\t\t\t<div class=\"elementor-spacer\">\n\t\t\t<div class=\"elementor-spacer-inner\"><\/div>\n\t\t<\/div>\n\t\t\t\t<\/div>\n\t\t\t\t<\/div>\n\t\t\t\t\t\t<\/div>\n\t\t\t\t\t<\/div>\n\t\t<\/div>\n\t\t\t\t<div class=\"elementor-column elementor-col-50 elementor-top-column elementor-element elementor-element-b5109fb sc_layouts_column_icons_position_left\" data-id=\"b5109fb\" data-element_type=\"column\">\n\t\t\t<div class=\"elementor-column-wrap\">\n\t\t\t\t\t\t\t<div class=\"elementor-widget-wrap\">\n\t\t\t\t\t\t\t\t<\/div>\n\t\t\t\t\t<\/div>\n\t\t<\/div>\n\t\t\t\t\t\t\t\t<\/div>\n\t\t\t\t\t<\/div>\n\t\t<\/section>\n\t\t\t\t<section class=\"elementor-section elementor-top-section elementor-element elementor-element-58d1588 elementor-section-boxed elementor-section-height-default elementor-section-height-default\" data-id=\"58d1588\" data-element_type=\"section\">\n\t\t\t\t\t\t<div class=\"elementor-container elementor-column-gap-extended\">\n\t\t\t\t\t\t\t<div class=\"elementor-row\">\n\t\t\t\t\t<div class=\"elementor-column elementor-col-25 elementor-top-column elementor-element elementor-element-c86e80e sc_layouts_column_icons_position_left\" data-id=\"c86e80e\" data-element_type=\"column\">\n\t\t\t<div class=\"elementor-column-wrap elementor-element-populated\">\n\t\t\t\t\t\t\t<div class=\"elementor-widget-wrap\">\n\t\t\t\t\t\t<div class=\"elementor-element elementor-element-a082e64 sc_fly_static elementor-widget elementor-widget-text-editor\" data-id=\"a082e64\" data-element_type=\"widget\" data-widget_type=\"text-editor.default\">\n\t\t\t\t<div class=\"elementor-widget-container\">\n\t\t\t\t\t<div class=\"elementor-text-editor elementor-clearfix\"><p>10<\/p><\/div>\n\t\t\t\t<\/div>\n\t\t\t\t<\/div>\n\t\t\t\t<div class=\"elementor-element elementor-element-b1ab33c sc_fly_static elementor-widget elementor-widget-heading\" data-id=\"b1ab33c\" data-element_type=\"widget\" data-widget_type=\"heading.default\">\n\t\t\t\t<div class=\"elementor-widget-container\">\n\t\t\t<h6 class=\"elementor-heading-title elementor-size-default\"><br> Experten f\u00fcr gr\u00fcne Energie<\/h6>\t\t<\/div>\n\t\t\t\t<\/div>\n\t\t\t\t\t\t<\/div>\n\t\t\t\t\t<\/div>\n\t\t<\/div>\n\t\t\t\t<div class=\"elementor-column elementor-col-25 elementor-top-column elementor-element elementor-element-c7abefd sc_layouts_column_icons_position_left\" data-id=\"c7abefd\" data-element_type=\"column\">\n\t\t\t<div class=\"elementor-column-wrap elementor-element-populated\">\n\t\t\t\t\t\t\t<div class=\"elementor-widget-wrap\">\n\t\t\t\t\t\t<div class=\"elementor-element elementor-element-513594e sc_fly_static elementor-widget elementor-widget-text-editor\" data-id=\"513594e\" data-element_type=\"widget\" data-widget_type=\"text-editor.default\">\n\t\t\t\t<div class=\"elementor-widget-container\">\n\t\t\t\t\t<div class=\"elementor-text-editor elementor-clearfix\"><p>2<\/p><\/div>\n\t\t\t\t<\/div>\n\t\t\t\t<\/div>\n\t\t\t\t<div class=\"elementor-element elementor-element-f488440 sc_fly_static elementor-widget elementor-widget-heading\" data-id=\"f488440\" data-element_type=\"widget\" data-widget_type=\"heading.default\">\n\t\t\t\t<div class=\"elementor-widget-container\">\n\t\t\t<h6 class=\"elementor-heading-title elementor-size-default\"><br \/> auf Wasserstoff spezialisierte Ingenieure<\/h6>\t\t<\/div>\n\t\t\t\t<\/div>\n\t\t\t\t\t\t<\/div>\n\t\t\t\t\t<\/div>\n\t\t<\/div>\n\t\t\t\t<div class=\"elementor-column elementor-col-25 elementor-top-column elementor-element elementor-element-d60e922 sc_layouts_column_icons_position_left\" data-id=\"d60e922\" data-element_type=\"column\">\n\t\t\t<div class=\"elementor-column-wrap elementor-element-populated\">\n\t\t\t\t\t\t\t<div class=\"elementor-widget-wrap\">\n\t\t\t\t\t\t<div class=\"elementor-element elementor-element-69508d8 sc_fly_static elementor-widget elementor-widget-text-editor\" data-id=\"69508d8\" data-element_type=\"widget\" data-widget_type=\"text-editor.default\">\n\t\t\t\t<div class=\"elementor-widget-container\">\n\t\t\t\t\t<div class=\"elementor-text-editor elementor-clearfix\"><p>40<\/p><\/div>\n\t\t\t\t<\/div>\n\t\t\t\t<\/div>\n\t\t\t\t<div class=\"elementor-element elementor-element-fc0c683 sc_fly_static elementor-widget elementor-widget-heading\" data-id=\"fc0c683\" data-element_type=\"widget\" data-widget_type=\"heading.default\">\n\t\t\t\t<div class=\"elementor-widget-container\">\n\t\t\t<h6 class=\"elementor-heading-title elementor-size-default\"><br \/> Projekte werden gerade untersucht<\/h6>\t\t<\/div>\n\t\t\t\t<\/div>\n\t\t\t\t\t\t<\/div>\n\t\t\t\t\t<\/div>\n\t\t<\/div>\n\t\t\t\t<div class=\"elementor-column elementor-col-25 elementor-top-column elementor-element elementor-element-5ba0a8c sc_layouts_column_icons_position_left\" data-id=\"5ba0a8c\" data-element_type=\"column\">\n\t\t\t<div class=\"elementor-column-wrap elementor-element-populated\">\n\t\t\t\t\t\t\t<div class=\"elementor-widget-wrap\">\n\t\t\t\t\t\t<div class=\"elementor-element elementor-element-7f07d1d sc_fly_static elementor-widget elementor-widget-text-editor\" data-id=\"7f07d1d\" data-element_type=\"widget\" data-widget_type=\"text-editor.default\">\n\t\t\t\t<div class=\"elementor-widget-container\">\n\t\t\t\t\t<div class=\"elementor-text-editor elementor-clearfix\"><p>1<\/p><\/div>\n\t\t\t\t<\/div>\n\t\t\t\t<\/div>\n\t\t\t\t<div class=\"elementor-element elementor-element-6daac14 sc_fly_static elementor-widget elementor-widget-heading\" data-id=\"6daac14\" data-element_type=\"widget\" data-widget_type=\"heading.default\">\n\t\t\t\t<div class=\"elementor-widget-container\">\n\t\t\t<h6 class=\"elementor-heading-title elementor-size-default\"><br> einzigartiges Expert'Hy-Programm zur territorialen Bewertung<\/h6>\t\t<\/div>\n\t\t\t\t<\/div>\n\t\t\t\t\t\t<\/div>\n\t\t\t\t\t<\/div>\n\t\t<\/div>\n\t\t\t\t\t\t\t\t<\/div>\n\t\t\t\t\t<\/div>\n\t\t<\/section>\n\t\t\t\t<section class=\"elementor-section elementor-top-section elementor-element elementor-element-b382a7b elementor-section-boxed elementor-section-height-default elementor-section-height-default\" data-id=\"b382a7b\" data-element_type=\"section\">\n\t\t\t\t\t\t<div class=\"elementor-container elementor-column-gap-extended\">\n\t\t\t\t\t\t\t<div class=\"elementor-row\">\n\t\t\t\t\t<div class=\"elementor-column elementor-col-100 elementor-top-column elementor-element elementor-element-ac5d427 sc_layouts_column_icons_position_left\" data-id=\"ac5d427\" data-element_type=\"column\">\n\t\t\t<div class=\"elementor-column-wrap elementor-element-populated\">\n\t\t\t\t\t\t\t<div class=\"elementor-widget-wrap\">\n\t\t\t\t\t\t<div class=\"elementor-element elementor-element-7e8d10c sc_fly_static elementor-widget elementor-widget-text-editor\" data-id=\"7e8d10c\" data-element_type=\"widget\" data-widget_type=\"text-editor.default\">\n\t\t\t\t<div class=\"elementor-widget-container\">\n\t\t\t\t\t<div class=\"elementor-text-editor elementor-clearfix\"><p class=\"p1\"><span class=\"s1\">Das Wei\u00dfbuch der Europ\u00e4ischen Union sieht eine Elektrolyse von 60.000\u00a0MW im Jahr 2030 vor, die sich auf (chemische) Industrie und Mobilit\u00e4t aufteilt. Mob&#8217;Hy interessiert sich f\u00fcr Letztere und insbesondere f\u00fcr diejenigen, die in einem \u00d6kosystem transportiert werden, das die Erzeugung von \u00d6kostrom und gebundenen Fahrzeugflotten zusammenbringt. Wir sch\u00e4tzen, dass dies fast 10.000 EU-weite Projekte, d.\u00a0h. 100 pro Monat sind. Wir sind bereit, an 5\u201310 davon zu arbeiten.<\/span><\/p><\/div>\n\t\t\t\t<\/div>\n\t\t\t\t<\/div>\n\t\t\t\t\t\t<\/div>\n\t\t\t\t\t<\/div>\n\t\t<\/div>\n\t\t\t\t\t\t\t\t<\/div>\n\t\t\t\t\t<\/div>\n\t\t<\/section>\n\t\t\t\t\t\t<\/div>\n\t\t\t\t\t\t<\/div>\n\t\t\t\t\t<\/div>\n\t\t","protected":false},"excerpt":{"rendered":"<p>Mob&#8217;Hy: Wer Wind s\u00e4t, sammelt Wasserstoff Mob&#8217;Hy ist aus dem Willen der Gr\u00fcnder von Vent d&#8217;Est und des Teams, das sich ihnen angeschlossen hat, entstanden: Saubere, kosteng\u00fcnstige Energie zu erzeugen, von der die&hellip;<\/p>\n","protected":false},"author":1,"featured_media":0,"parent":0,"menu_order":0,"comment_status":"closed","ping_status":"closed","template":"","meta":{"footnotes":""},"class_list":["post-5362","page","type-page","status-publish","hentry"],"yoast_head":"<!-- This site is optimized with the Yoast SEO plugin v18.3 - https:\/\/yoast.com\/wordpress\/plugins\/seo\/ -->\n<title>Mob&#039;Hy: Unsere Geschichte, unsere Mission<\/title>\n<meta name=\"description\" content=\"Mob&#039;Hy setzt die \u00f6kologische Mission von Vent d&#039;Est durch die Entwicklung und das Management von Produktions- und Vertriebsanlagen f\u00fcr gr\u00fcnen Wasserstoff fort.\" \/>\n<meta name=\"robots\" content=\"index, follow, max-snippet:-1, max-image-preview:large, max-video-preview:-1\" \/>\n<link rel=\"canonical\" href=\"https:\/\/mobhy.eu\/de\/uber-uns\/\" \/>\n<meta property=\"og:locale\" content=\"de_DE\" \/>\n<meta property=\"og:type\" content=\"article\" \/>\n<meta property=\"og:title\" content=\"Mob&#039;Hy: Unsere Geschichte, unsere Mission\" \/>\n<meta property=\"og:description\" content=\"Mob&#039;Hy setzt die \u00f6kologische Mission von Vent d&#039;Est durch die Entwicklung und das Management von Produktions- und Vertriebsanlagen f\u00fcr gr\u00fcnen Wasserstoff fort.\" \/>\n<meta property=\"og:url\" content=\"https:\/\/mobhy.eu\/de\/uber-uns\/\" \/>\n<meta property=\"og:site_name\" content=\"Mobhy\" \/>\n<meta property=\"article:modified_time\" content=\"2021-04-08T08:22:31+00:00\" \/>\n<meta name=\"twitter:card\" content=\"summary_large_image\" \/>\n<meta name=\"twitter:label1\" content=\"Gesch\u00e4tzte Lesezeit\" \/>\n\t<meta name=\"twitter:data1\" content=\"1\u00a0Minute\" \/>\n<script type=\"application\/ld+json\" class=\"yoast-schema-graph\">{\"@context\":\"https:\/\/schema.org\",\"@graph\":[{\"@type\":\"WebSite\",\"@id\":\"https:\/\/mobhy.eu\/#website\",\"url\":\"https:\/\/mobhy.eu\/\",\"name\":\"Mobhy\",\"description\":\"\",\"potentialAction\":[{\"@type\":\"SearchAction\",\"target\":{\"@type\":\"EntryPoint\",\"urlTemplate\":\"https:\/\/mobhy.eu\/?s={search_term_string}\"},\"query-input\":\"required name=search_term_string\"}],\"inLanguage\":\"de\"},{\"@type\":\"WebPage\",\"@id\":\"https:\/\/mobhy.eu\/de\/uber-uns\/#webpage\",\"url\":\"https:\/\/mobhy.eu\/de\/uber-uns\/\",\"name\":\"Mob'Hy: Unsere Geschichte, unsere Mission\",\"isPartOf\":{\"@id\":\"https:\/\/mobhy.eu\/#website\"},\"datePublished\":\"2021-02-15T10:29:16+00:00\",\"dateModified\":\"2021-04-08T08:22:31+00:00\",\"description\":\"Mob'Hy setzt die \u00f6kologische Mission von Vent d'Est durch die Entwicklung und das Management von Produktions- und Vertriebsanlagen f\u00fcr gr\u00fcnen Wasserstoff fort.\",\"breadcrumb\":{\"@id\":\"https:\/\/mobhy.eu\/de\/uber-uns\/#breadcrumb\"},\"inLanguage\":\"de\",\"potentialAction\":[{\"@type\":\"ReadAction\",\"target\":[\"https:\/\/mobhy.eu\/de\/uber-uns\/\"]}]},{\"@type\":\"BreadcrumbList\",\"@id\":\"https:\/\/mobhy.eu\/de\/uber-uns\/#breadcrumb\",\"itemListElement\":[{\"@type\":\"ListItem\",\"position\":1,\"name\":\"Accueil\",\"item\":\"https:\/\/mobhy.eu\/de\/\"},{\"@type\":\"ListItem\",\"position\":2,\"name\":\"\u00dcber uns\"}]}]}<\/script>\n<!-- \/ Yoast SEO plugin. -->","yoast_head_json":{"title":"Mob'Hy: Unsere Geschichte, unsere Mission","description":"Mob'Hy setzt die \u00f6kologische Mission von Vent d'Est durch die Entwicklung und das Management von Produktions- und Vertriebsanlagen f\u00fcr gr\u00fcnen Wasserstoff fort.","robots":{"index":"index","follow":"follow","max-snippet":"max-snippet:-1","max-image-preview":"max-image-preview:large","max-video-preview":"max-video-preview:-1"},"canonical":"https:\/\/mobhy.eu\/de\/uber-uns\/","og_locale":"de_DE","og_type":"article","og_title":"Mob'Hy: Unsere Geschichte, unsere Mission","og_description":"Mob'Hy setzt die \u00f6kologische Mission von Vent d'Est durch die Entwicklung und das Management von Produktions- und Vertriebsanlagen f\u00fcr gr\u00fcnen Wasserstoff fort.","og_url":"https:\/\/mobhy.eu\/de\/uber-uns\/","og_site_name":"Mobhy","article_modified_time":"2021-04-08T08:22:31+00:00","twitter_card":"summary_large_image","twitter_misc":{"Gesch\u00e4tzte Lesezeit":"1\u00a0Minute"},"schema":{"@context":"https:\/\/schema.org","@graph":[{"@type":"WebSite","@id":"https:\/\/mobhy.eu\/#website","url":"https:\/\/mobhy.eu\/","name":"Mobhy","description":"","potentialAction":[{"@type":"SearchAction","target":{"@type":"EntryPoint","urlTemplate":"https:\/\/mobhy.eu\/?s={search_term_string}"},"query-input":"required name=search_term_string"}],"inLanguage":"de"},{"@type":"WebPage","@id":"https:\/\/mobhy.eu\/de\/uber-uns\/#webpage","url":"https:\/\/mobhy.eu\/de\/uber-uns\/","name":"Mob'Hy: Unsere Geschichte, unsere Mission","isPartOf":{"@id":"https:\/\/mobhy.eu\/#website"},"datePublished":"2021-02-15T10:29:16+00:00","dateModified":"2021-04-08T08:22:31+00:00","description":"Mob'Hy setzt die \u00f6kologische Mission von Vent d'Est durch die Entwicklung und das Management von Produktions- und Vertriebsanlagen f\u00fcr gr\u00fcnen Wasserstoff fort.","breadcrumb":{"@id":"https:\/\/mobhy.eu\/de\/uber-uns\/#breadcrumb"},"inLanguage":"de","potentialAction":[{"@type":"ReadAction","target":["https:\/\/mobhy.eu\/de\/uber-uns\/"]}]},{"@type":"BreadcrumbList","@id":"https:\/\/mobhy.eu\/de\/uber-uns\/#breadcrumb","itemListElement":[{"@type":"ListItem","position":1,"name":"Accueil","item":"https:\/\/mobhy.eu\/de\/"},{"@type":"ListItem","position":2,"name":"\u00dcber uns"}]}]}},"uagb_featured_image_src":{"full":false,"thumbnail":false,"medium":false,"medium_large":false,"large":false,"1536x1536":false,"2048x2048":false,"post-thumbnail":false,"ekoterra-thumb-huge":false,"ekoterra-thumb-big":false,"ekoterra-thumb-services-square":false,"ekoterra-thumb-med":false,"ekoterra-thumb-tiny":false,"ekoterra-thumb-masonry-big":false,"ekoterra-thumb-masonry":false,"ekoterra-thumb-cats":false,"ekoterra-thumb-related-posts":false,"ekoterra-thumb-gallery-thumb":false,"ekoterra-thumb-icon-hovered":false,"ekoterra-thumb-rnews-announce":false,"ekoterra-thumb-blogger-sm":false,"ekoterra-thumb-team-square":false,"trx_addons-thumb-small":false,"trx_addons-thumb-portrait":false,"trx_addons-thumb-avatar":false},"uagb_author_info":{"display_name":"section4admin","author_link":"https:\/\/mobhy.eu\/de\/author\/section4admin\/"},"uagb_comment_info":0,"uagb_excerpt":"Mob&#8217;Hy: Wer Wind s\u00e4t, sammelt Wasserstoff Mob&#8217;Hy ist aus dem Willen der Gr\u00fcnder von Vent d&#8217;Est und des Teams, das sich ihnen angeschlossen hat, entstanden: Saubere, kosteng\u00fcnstige Energie zu erzeugen, von der die&hellip;","_links":{"self":[{"href":"https:\/\/mobhy.eu\/de\/wp-json\/wp\/v2\/pages\/5362","targetHints":{"allow":["GET"]}}],"collection":[{"href":"https:\/\/mobhy.eu\/de\/wp-json\/wp\/v2\/pages"}],"about":[{"href":"https:\/\/mobhy.eu\/de\/wp-json\/wp\/v2\/types\/page"}],"author":[{"embeddable":true,"href":"https:\/\/mobhy.eu\/de\/wp-json\/wp\/v2\/users\/1"}],"replies":[{"embeddable":true,"href":"https:\/\/mobhy.eu\/de\/wp-json\/wp\/v2\/comments?post=5362"}],"version-history":[{"count":8,"href":"https:\/\/mobhy.eu\/de\/wp-json\/wp\/v2\/pages\/5362\/revisions"}],"predecessor-version":[{"id":5417,"href":"https:\/\/mobhy.eu\/de\/wp-json\/wp\/v2\/pages\/5362\/revisions\/5417"}],"wp:attachment":[{"href":"https:\/\/mobhy.eu\/de\/wp-json\/wp\/v2\/media?parent=5362"}],"curies":[{"name":"wp","href":"https:\/\/api.w.org\/{rel}","templated":true}]}}